{"id":16336,"date":"2023-10-18T16:43:48","date_gmt":"2023-10-18T16:43:48","guid":{"rendered":"https:\/\/sablon.wiftmedia.com\/monamarine\/?page_id=16336"},"modified":"2023-10-19T10:05:06","modified_gmt":"2023-10-19T10:05:06","slug":"hakkimizda","status":"publish","type":"page","link":"https:\/\/sablon.wiftmedia.com\/monamarine\/tr\/hakkimizda\/","title":{"rendered":"Hakk\u0131m\u0131zda"},"content":{"rendered":"\t\t<div data-elementor-type=\"wp-page\" data-elementor-id=\"16336\" class=\"elementor elementor-16336\">\n\t\t\t\t\t\t\t\t\t<section class=\"wd-negative-gap elementor-section elementor-top-section elementor-element elementor-element-33d776d elementor-reverse-tablet elementor-reverse-mobile elementor-section-boxed elementor-section-height-default elementor-section-height-default wd-section-disabled\" data-id=\"33d776d\" data-element_type=\"section\">\n\t\t\t\t\t\t<div class=\"elementor-container elementor-column-gap-default\">\n\t\t\t\t\t<div class=\"elementor-column elementor-col-50 elementor-top-column elementor-element elementor-element-ee23dfa\" data-id=\"ee23dfa\" data-element_type=\"column\">\n\t\t\t<div class=\"elementor-widget-wrap elementor-element-populated\">\n\t\t\t\t\t\t\t\t<div class=\"elementor-element elementor-element-a0badaf elementor-widget elementor-widget-wd_image_or_svg\" data-id=\"a0badaf\" data-element_type=\"widget\" data-widget_type=\"wd_image_or_svg.default\">\n\t\t\t\t<div class=\"elementor-widget-container\">\n\t\t\t\n\t\t<div class=\"wd-image text-left\">\n\t\t\t\t\t\t\t\t<img loading=\"lazy\" decoding=\"async\" width=\"1500\" height=\"1000\" src=\"https:\/\/sablon.wiftmedia.com\/monamarine\/wp-content\/uploads\/2023\/10\/DSC05483.jpg\" class=\"attachment-full size-full\" alt=\"\" srcset=\"https:\/\/sablon.wiftmedia.com\/monamarine\/wp-content\/uploads\/2023\/10\/DSC05483.jpg 1500w, https:\/\/sablon.wiftmedia.com\/monamarine\/wp-content\/uploads\/2023\/10\/DSC05483-400x267.jpg 400w, https:\/\/sablon.wiftmedia.com\/monamarine\/wp-content\/uploads\/2023\/10\/DSC05483-1200x800.jpg 1200w, https:\/\/sablon.wiftmedia.com\/monamarine\/wp-content\/uploads\/2023\/10\/DSC05483-768x512.jpg 768w, https:\/\/sablon.wiftmedia.com\/monamarine\/wp-content\/uploads\/2023\/10\/DSC05483-860x573.jpg 860w, https:\/\/sablon.wiftmedia.com\/monamarine\/wp-content\/uploads\/2023\/10\/DSC05483-430x287.jpg 430w, https:\/\/sablon.wiftmedia.com\/monamarine\/wp-content\/uploads\/2023\/10\/DSC05483-700x467.jpg 700w, https:\/\/sablon.wiftmedia.com\/monamarine\/wp-content\/uploads\/2023\/10\/DSC05483-150x100.jpg 150w\" sizes=\"auto, (max-width: 1500px) 100vw, 1500px\" \/>\t\t\t\t\t<\/div>\n\n\t\t\t\t<\/div>\n\t\t\t\t<\/div>\n\t\t\t\t\t<\/div>\n\t\t<\/div>\n\t\t\t\t<div class=\"elementor-column elementor-col-50 elementor-top-column elementor-element elementor-element-3e43d2e\" data-id=\"3e43d2e\" data-element_type=\"column\">\n\t\t\t<div class=\"elementor-widget-wrap elementor-element-populated\">\n\t\t\t\t\t\t\t\t<div class=\"elementor-element elementor-element-ca4dcaa elementor-widget elementor-widget-wd_title\" data-id=\"ca4dcaa\" data-element_type=\"widget\" data-widget_type=\"wd_title.default\">\n\t\t\t\t<div class=\"elementor-widget-container\">\n\t\t\t\t\t<div class=\"title-wrapper set-mb-s reset-last-child wd-title-color-default wd-title-style-default wd-title-size-large text-left\">\n\n\t\t\t\n\t\t\t<div class=\"liner-continer\">\n\t\t\t\t<h4 class=\"woodmart-title-container title wd-fontsize-xxl wd-underline-bordered\"><u><strong>Hakk\u0131m\u0131zda<\/strong><\/u> <\/h4> \n\t\t\t\t\t\t\t<\/div>\n\n\t\t\t\t\t<\/div>\n\t\t\t\t<\/div>\n\t\t\t\t<\/div>\n\t\t\t\t<div class=\"elementor-element elementor-element-4133796 elementor-widget elementor-widget-wd_text_block\" data-id=\"4133796\" data-element_type=\"widget\" data-widget_type=\"wd_text_block.default\">\n\t\t\t\t<div class=\"elementor-widget-container\">\n\t\t\t\t\t<div class=\"wd-text-block reset-last-child text-left color-scheme-light\">\n\t\t\t\n\t\t\t\u0130n\u015faat sekt\u00f6r\u00fcndeki 30 y\u0131l\u0131 a\u015fk\u0131n profesyonel deneyimimizle, derin bilgi birikimimizi deniz tutkumuzla kusursuz bir \u015fekilde birle\u015ftirdik. \u00dcst\u00fcn teknik uzmanl\u0131k ve yenilik\u00e7i tasar\u0131m \u00f6zellikleriyle tan\u0131nan birinci s\u0131n\u0131f denizcilik \u00fcr\u00fcnlerinin de\u011ferli \u00fcreticileriyle yak\u0131n zamanda yapt\u0131\u011f\u0131m\u0131z i\u015fbirli\u011fini duyurmaktan heyecan duyuyoruz. Mona Marine ile yeni ufuklar\u0131 fethetmek i\u00e7in birlikte s\u0131n\u0131rs\u0131z okyanuslara yelken a\u00e7t\u0131k.\n\t\t\t\t\t<\/div>\n\t\t\t\t<\/div>\n\t\t\t\t<\/div>\n\t\t\t\t\t<\/div>\n\t\t<\/div>\n\t\t\t\t\t\t\t<\/div>\n\t\t<\/section>\n\t\t\t\t<section class=\"wd-negative-gap elementor-section elementor-top-section elementor-element elementor-element-911a4e2 elementor-reverse-tablet elementor-reverse-mobile elementor-section-boxed elementor-section-height-default elementor-section-height-default wd-section-disabled\" data-id=\"911a4e2\" data-element_type=\"section\">\n\t\t\t\t\t\t<div class=\"elementor-container elementor-column-gap-default\">\n\t\t\t\t\t<div class=\"elementor-column elementor-col-100 elementor-top-column elementor-element elementor-element-010a70a\" data-id=\"010a70a\" data-element_type=\"column\">\n\t\t\t<div class=\"elementor-widget-wrap elementor-element-populated\">\n\t\t\t\t\t\t\t\t<div class=\"elementor-element elementor-element-3e453b5 elementor-widget elementor-widget-wd_title\" data-id=\"3e453b5\" data-element_type=\"widget\" data-widget_type=\"wd_title.default\">\n\t\t\t\t<div class=\"elementor-widget-container\">\n\t\t\t\t\t<div class=\"title-wrapper set-mb-s reset-last-child wd-title-color-primary wd-title-style-default wd-title-size-large text-left\">\n\n\t\t\t\n\t\t\t<div class=\"liner-continer\">\n\t\t\t\t<h4 class=\"woodmart-title-container title wd-fontsize-xxl\">Cenk Uslucan - Kurucu, SEO<\/h4> \n\t\t\t\t\t\t\t<\/div>\n\n\t\t\t\t\t<\/div>\n\t\t\t\t<\/div>\n\t\t\t\t<\/div>\n\t\t\t\t<div class=\"elementor-element elementor-element-834a697 elementor-widget elementor-widget-wd_text_block\" data-id=\"834a697\" data-element_type=\"widget\" data-widget_type=\"wd_text_block.default\">\n\t\t\t\t<div class=\"elementor-widget-container\">\n\t\t\t\t\t<div class=\"wd-text-block reset-last-child text-left color-scheme-light\">\n\t\t\t\n\t\t\t<p>Erken ya\u015flarda, gen\u00e7lik y\u0131llar\u0131mda K\u0131nal\u0131 Ada'dan Edremit K\u00f6rfezi'ne uzanan deniz yolculu\u011fum s\u0131ras\u0131nda hayat\u0131m\u0131n rotas\u0131 a\u015fk, nezaket, mutluluk ve mitolojinin derin unsurlar\u0131yla birle\u015fti. \u0130lerleyen y\u0131llarda odak noktam, kara veya hava ara\u00e7lar\u0131ndan ziyade deniz ara\u00e7lar\u0131na kar\u015f\u0131 b\u00fcy\u00fck bir hayranl\u0131\u011fa d\u00f6n\u00fc\u015ft\u00fc. Denizde ve limanda olman\u0131n ilk deneyimi, bir tekne in\u015fa etme s\u00fcrecine dahil olmamda itici bir g\u00fc\u00e7 olan bir keyif duygusu yaratt\u0131. Kendimi \u00f6zellikle i\u015f\u00e7ilik, bak\u0131m ve onar\u0131m i\u00e7eren g\u00f6revlere \u00e7ekilmi\u015f buldum ve i\u015fin bu y\u00f6nlerinden daha fazla keyif ald\u0131m. 18 ya\u015f\u0131nda ilk teknemin d\u00fcmenini tutmaya ba\u015flad\u0131m ve o zamandan beri ayn\u0131 ilgi ve alakayla 22 y\u0131ld\u0131r engin maviliklerde yolcu olmam\u0131 sa\u011flayan bir teknem hep oldu. Bu s\u00fcre zarf\u0131nda, baz\u0131lar\u0131na g\u00f6re \u00e7ok erken ama bana g\u00f6re \u00e7ok ge\u00e7 say\u0131labilecek bir ya\u015fta yelken sporunu da hayat\u0131m\u0131n bir par\u00e7as\u0131 haline getirdim.<\/p><p>\u0130stanbul ve g\u00fcney b\u00f6lgelerinde lisansl\u0131 bir yar\u0131\u015f\u00e7\u0131 olarak ge\u00e7irdi\u011fim yirmi y\u0131l bana deniz ya\u015fam\u0131 hakk\u0131nda, do\u011fan\u0131n g\u00fcc\u00fcne kar\u015f\u0131 yetenekli ve centilmen insanlarla nas\u0131l yar\u0131\u015f\u0131laca\u011f\u0131 da dahil, \u00e7ok \u015fey \u00f6\u011fretti. Bu hi\u00e7 bitmeyen \u00f6\u011frenime Mona Marine markas\u0131n\u0131 hayata ge\u00e7irerek ticari bir boyut kazand\u0131rmak istedim ve b\u00f6ylece Rock Marine markas\u0131 ile Mona Marine birlikte yelken a\u00e7t\u0131. Y\u0131llar\u0131n ticari uzmanl\u0131\u011f\u0131 ve birikimi bir yana, denizde \u00f6\u011frenmenin hi\u00e7 bitmeyece\u011fini bilerek teslim olman\u0131n g\u00fczelli\u011fi ve huzuru ile Rock Marine ile \u00e7ok ba\u015far\u0131l\u0131 bir ilk y\u0131l ge\u00e7irdik.<\/p><p>Do\u011faya ve denize duyarl\u0131 b\u00fcy\u00fck bir aile olmak umuduyla, siz de\u011ferli deniz severlere Mona Marine'i sunuyoruz.<\/p>\n\t\t\t\t\t<\/div>\n\t\t\t\t<\/div>\n\t\t\t\t<\/div>\n\t\t\t\t\t<\/div>\n\t\t<\/div>\n\t\t\t\t\t\t\t<\/div>\n\t\t<\/section>\n\t\t\t\t\t\t\t<\/div>\n\t\t","protected":false},"excerpt":{"rendered":"<p>Hakk\u0131m\u0131zda \u0130n\u015faat sekt\u00f6r\u00fcndeki 30 y\u0131l\u0131 a\u015fk\u0131n profesyonel deneyimimizle, derin bilgi birikimimizi deniz tutkumuzla kusursuz bir \u015fekilde birle\u015ftirdik. \u00dcst\u00fcn teknik uzmanl\u0131k<\/p>\n","protected":false},"author":1,"featured_media":0,"parent":0,"menu_order":0,"comment_status":"closed","ping_status":"closed","template":"","meta":{"footnotes":""},"class_list":["post-16336","page","type-page","status-publish","hentry"],"_links":{"self":[{"href":"https:\/\/sablon.wiftmedia.com\/monamarine\/wp-json\/wp\/v2\/pages\/16336","targetHints":{"allow":["GET"]}}],"collection":[{"href":"https:\/\/sablon.wiftmedia.com\/monamarine\/wp-json\/wp\/v2\/pages"}],"about":[{"href":"https:\/\/sablon.wiftmedia.com\/monamarine\/wp-json\/wp\/v2\/types\/page"}],"author":[{"embeddable":true,"href":"https:\/\/sablon.wiftmedia.com\/monamarine\/wp-json\/wp\/v2\/users\/1"}],"replies":[{"embeddable":true,"href":"https:\/\/sablon.wiftmedia.com\/monamarine\/wp-json\/wp\/v2\/comments?post=16336"}],"version-history":[{"count":7,"href":"https:\/\/sablon.wiftmedia.com\/monamarine\/wp-json\/wp\/v2\/pages\/16336\/revisions"}],"predecessor-version":[{"id":16463,"href":"https:\/\/sablon.wiftmedia.com\/monamarine\/wp-json\/wp\/v2\/pages\/16336\/revisions\/16463"}],"wp:attachment":[{"href":"https:\/\/sablon.wiftmedia.com\/monamarine\/wp-json\/wp\/v2\/media?parent=16336"}],"curies":[{"name":"wp","href":"https:\/\/api.w.org\/{rel}","templated":true}]}}